{"id":225,"date":"2017-06-12T19:38:33","date_gmt":"2017-06-12T19:38:33","guid":{"rendered":"http:\/\/www.trujillohosting.net\/portal\/?post_type=product&#038;p=225"},"modified":"2017-06-15T02:03:09","modified_gmt":"2017-06-15T02:03:09","slug":"wp-negocio","status":"publish","type":"product","link":"http:\/\/www.trujillohosting.net\/portal\/producto\/wp-negocio\/","title":{"rendered":"WP Negocio"},"content":{"rendered":"<p><span style=\"color: #ff6600;\"><strong>Alojamiento en sistema Sistema Cloud Hosting<\/strong> (el poder de la nube para su wordpress)<\/span><br \/>\nSi<br \/>\n<span style=\"color: #ff6600;\"><strong>M\u00e1xima velocidad de carga de tu WordPress<\/strong><\/span><br \/>\nSi<br \/>\n<span style=\"color: #ff6600;\"><strong>Ultimas versiones de Apache, Php y MySQL<\/strong><\/span><br \/>\nSi<br \/>\n<span style=\"color: #ff6600;\"><strong>Garant\u00eda a 30 d\u00edas: o la devoluci\u00f3n total de su inversi\u00f3n<\/strong><\/span><br \/>\nSi<br \/>\n<span style=\"color: #ff6600;\"><strong>Instalaci\u00f3n de WordPress en espa\u00f1ol &#8211; \u00faltima versi\u00f3n<\/strong> &#8211; con un par de clicks (Softaculous)<\/span><br \/>\nSi<br \/>\n<span style=\"color: #ff6600;\"><strong>Soporte WordPress incluido<\/strong> (departamento de soporte 24 horas v\u00eda tickets)<\/span><br \/>\nSi<br \/>\n<span style=\"color: #ff6600;\"><strong>\u00bfMigraci\u00f3n? Trasladamos su WordPress Gratis<\/strong><\/span><br \/>\nSi<br \/>\n<span style=\"color: #ff6600;\"><strong>Espacio de Almacenamiento<\/strong><\/span><br \/>\n5 GB<br \/>\n<span style=\"color: #ff6600;\"><strong>Transferencia Mensual<\/strong><\/span><br \/>\n80 GB<br \/>\n<span style=\"color: #ff6600;\"><strong>Sistema de Backups Diarios<\/strong><\/span><br \/>\nSi<br \/>\n<span style=\"color: #ff6600;\"><strong>Cuentas de Correo ilimitadas<\/strong><\/span><br \/>\nSi<br \/>\n<span style=\"color: #ff6600;\"><strong>Antivirus de correo actualizado cada 24 horas y Antispam avanzado<\/strong><\/span><br \/>\nSi<br \/>\n<span style=\"color: #ff6600;\"><strong>Subdominios ilimitados, Cuentas FTP ilimitadas, Bases de Datos ilimitadas<\/strong><\/span><br \/>\nSi<br \/>\n<span style=\"color: #ff6600;\"><strong>Panel Cpanel, Soporte Flash y Multimedia, Personalizaci\u00f3n de p\u00e1ginas de errores, Tareas programadas (cron jobs), Servicio de Estad\u00edsticas Avanzadas.<\/strong><\/span><br \/>\nSi<\/p>\n<!-- AddThis Advanced Settings generic via filter on the_content --><!-- AddThis Share Buttons generic via filter on the_content -->","protected":false},"excerpt":{"rendered":"<p>Alojamiento en sistema Sistema Cloud Hosting (el poder de la nube para su wordpress) Si M\u00e1xima velocidad de carga de tu WordPress Si Ultimas versiones de Apache, Php y MySQL Si Garant\u00eda a 30 d\u00edas: o la devoluci\u00f3n total de su inversi\u00f3n Si Instalaci\u00f3n de WordPress en espa\u00f1ol &#8211; \u00faltima versi\u00f3n &#8211; con un par<a class=\"moretag\" href=\"http:\/\/www.trujillohosting.net\/portal\/producto\/wp-negocio\/\"><span class=\"screen-reader-text\">Leer m\u00e1s sobre WP Negocio<\/span>[&#8230;]<\/a><!-- AddThis Advanced Settings generic via filter on wp_trim_excerpt --><!-- AddThis Share Buttons generic via filter on wp_trim_excerpt --><\/p>\n","protected":false},"featured_media":425,"comment_status":"closed","ping_status":"closed","template":"","meta":[],"product_brand":[],"product_cat":[31],"product_tag":[54,36,53],"class_list":{"0":"post-225","1":"product","2":"type-product","3":"status-publish","4":"has-post-thumbnail","6":"product_cat-hosting-wordpress","7":"product_tag-cloud-hosting","8":"product_tag-hosting-linux","9":"product_tag-wordpress","11":"first","12":"instock","13":"shipping-taxable","14":"purchasable","15":"product-type-simple"},"_links":{"self":[{"href":"http:\/\/www.trujillohosting.net\/portal\/wp-json\/wp\/v2\/product\/225","targetHints":{"allow":["GET"]}}],"collection":[{"href":"http:\/\/www.trujillohosting.net\/portal\/wp-json\/wp\/v2\/product"}],"about":[{"href":"http:\/\/www.trujillohosting.net\/portal\/wp-json\/wp\/v2\/types\/product"}],"replies":[{"embeddable":true,"href":"http:\/\/www.trujillohosting.net\/portal\/wp-json\/wp\/v2\/comments?post=225"}],"wp:featuredmedia":[{"embeddable":true,"href":"http:\/\/www.trujillohosting.net\/portal\/wp-json\/wp\/v2\/media\/425"}],"wp:attachment":[{"href":"http:\/\/www.trujillohosting.net\/portal\/wp-json\/wp\/v2\/media?parent=225"}],"wp:term":[{"taxonomy":"product_brand","embeddable":true,"href":"http:\/\/www.trujillohosting.net\/portal\/wp-json\/wp\/v2\/product_brand?post=225"},{"taxonomy":"product_cat","embeddable":true,"href":"http:\/\/www.trujillohosting.net\/portal\/wp-json\/wp\/v2\/product_cat?post=225"},{"taxonomy":"product_tag","embeddable":true,"href":"http:\/\/www.trujillohosting.net\/portal\/wp-json\/wp\/v2\/product_tag?post=225"}],"curies":[{"name":"wp","href":"https:\/\/api.w.org\/{rel}","templated":true}]}}