{"id":212,"date":"2017-06-12T16:19:31","date_gmt":"2017-06-12T16:19:31","guid":{"rendered":"http:\/\/www.trujillohosting.net\/portal\/?post_type=product&#038;p=212"},"modified":"2017-06-15T02:31:44","modified_gmt":"2017-06-15T02:31:44","slug":"vps-negocio-01","status":"publish","type":"product","link":"http:\/\/www.trujillohosting.net\/portal\/producto\/vps-negocio-01\/","title":{"rendered":"VPS Negocio 01"},"content":{"rendered":"<p><strong><span style=\"color: #ff6600;\">Espacio de Almacenamiento<\/span><\/strong><br \/>\n20 GB<br \/>\n<span style=\"color: #ff6600;\"><strong>Transferencia Mensual<\/strong><\/span><br \/>\n250 GB<br \/>\n<strong><span style=\"color: #ff6600;\">Memoria Garantizada<\/span><\/strong><br \/>\n1 GB<br \/>\n<strong><span style=\"color: #ff6600;\">Ips Incluidas<\/span><\/strong><br \/>\n1<br \/>\n<span style=\"color: #ff6600;\"><strong>Panel de Control SolusVM<\/strong><\/span><br \/>\nIncluido<br \/>\n<strong><span style=\"color: #ff6600;\">Sistema Operativo<\/span><\/strong><br \/>\nCentOS, Debian, Ubuntu<br \/>\n<strong><span style=\"color: #ff6600;\">Panel de Control Cpanel &#8211; WHM<\/span><\/strong><br \/>\nS\/. 80.00 mensual adicional<br \/>\n<strong><span style=\"color: #ff6600;\">Administraci\u00f3n B\u00e1sica<\/span><\/strong><br \/>\nIncluida<br \/>\n<strong><span style=\"color: #ff6600;\">Backups<\/span><\/strong><br \/>\nBackup Diario S\/. 60.00 mensual adicional<\/p>\n<p>Administraci\u00f3n B\u00e1sica: incluye migraciones, parches de seguridad, actualizaciones y actuaci\u00f3n frente a ataques<\/p>\n<p>Este paquete incluye:<br \/>\n<strong><span style=\"color: #ff6600;\">Acceso SSH &#8211; root<\/span><\/strong><br \/>\nTendr\u00e1 Acceso total al servidor para realizar las modificaciones que desee.<br \/>\n<strong><span style=\"color: #ff6600;\">Config Server Firewall<\/span><\/strong><br \/>\nLe entregamos el VPS con Config Server Firewall (CSF) Instalado y configurado para un \u00f3ptimo funcionamiento.<br \/>\n<strong><span style=\"color: #ff6600;\">Estad\u00edsticas en tiempo real<\/span><\/strong><br \/>\nPodr\u00e1 ver las estad\u00edsticas de uso y recursos en el panel de control en tiempo real<br \/>\n<strong><span style=\"color: #ff6600;\">Dominios Ilimitados<\/span><\/strong><br \/>\nPodr\u00e1 alojar la cantidad de dominios que desee, y que le permitan los recursos asignados.<br \/>\n<strong><span style=\"color: #ff6600;\">Totalmente Optimizado y Seguro<\/span><\/strong><br \/>\nEl VPS cuenta con las aplicaciones necesarias para un buen funcionamiento garantizado la seguridad de su servidor.<br \/>\n<strong><span style=\"color: #ff6600;\">Backups Semanales<\/span><\/strong><br \/>\nGeneramos copias de seguridad semanales de cada VPS.<\/p>\n<!-- AddThis Advanced Settings generic via filter on the_content --><!-- AddThis Share Buttons generic via filter on the_content -->","protected":false},"excerpt":{"rendered":"<p>Espacio de Almacenamiento 20 GB Transferencia Mensual 250 GB Memoria Garantizada 1 GB Ips Incluidas 1 Panel de Control SolusVM Incluido Sistema Operativo CentOS, Debian, Ubuntu Panel de Control Cpanel &#8211; WHM S\/. 80.00 mensual adicional Administraci\u00f3n B\u00e1sica Incluida Backups Backup Diario S\/. 60.00 mensual adicional Administraci\u00f3n B\u00e1sica: incluye migraciones, parches de seguridad, actualizaciones y<a class=\"moretag\" href=\"http:\/\/www.trujillohosting.net\/portal\/producto\/vps-negocio-01\/\"><span class=\"screen-reader-text\">Leer m\u00e1s sobre VPS Negocio 01<\/span>[&#8230;]<\/a><!-- AddThis Advanced Settings generic via filter on wp_trim_excerpt --><!-- AddThis Share Buttons generic via filter on wp_trim_excerpt --><\/p>\n","protected":false},"featured_media":428,"comment_status":"closed","ping_status":"closed","template":"","meta":[],"product_brand":[],"product_cat":[33],"product_tag":[36,51],"class_list":{"0":"post-212","1":"product","2":"type-product","3":"status-publish","4":"has-post-thumbnail","6":"product_cat-vps","7":"product_tag-hosting-linux","8":"product_tag-vps","10":"first","11":"instock","12":"shipping-taxable","13":"purchasable","14":"product-type-simple"},"_links":{"self":[{"href":"http:\/\/www.trujillohosting.net\/portal\/wp-json\/wp\/v2\/product\/212","targetHints":{"allow":["GET"]}}],"collection":[{"href":"http:\/\/www.trujillohosting.net\/portal\/wp-json\/wp\/v2\/product"}],"about":[{"href":"http:\/\/www.trujillohosting.net\/portal\/wp-json\/wp\/v2\/types\/product"}],"replies":[{"embeddable":true,"href":"http:\/\/www.trujillohosting.net\/portal\/wp-json\/wp\/v2\/comments?post=212"}],"wp:featuredmedia":[{"embeddable":true,"href":"http:\/\/www.trujillohosting.net\/portal\/wp-json\/wp\/v2\/media\/428"}],"wp:attachment":[{"href":"http:\/\/www.trujillohosting.net\/portal\/wp-json\/wp\/v2\/media?parent=212"}],"wp:term":[{"taxonomy":"product_brand","embeddable":true,"href":"http:\/\/www.trujillohosting.net\/portal\/wp-json\/wp\/v2\/product_brand?post=212"},{"taxonomy":"product_cat","embeddable":true,"href":"http:\/\/www.trujillohosting.net\/portal\/wp-json\/wp\/v2\/product_cat?post=212"},{"taxonomy":"product_tag","embeddable":true,"href":"http:\/\/www.trujillohosting.net\/portal\/wp-json\/wp\/v2\/product_tag?post=212"}],"curies":[{"name":"wp","href":"https:\/\/api.w.org\/{rel}","templated":true}]}}